{"id":4541,"date":"2023-07-17T13:19:53","date_gmt":"2023-07-17T13:19:53","guid":{"rendered":"https:\/\/saliut.md\/%d1%81%d0%bf%d0%b8%d1%81%d0%be%d0%ba-%d0%b6%d0%b5%d0%bb%d0%b0%d0%bd%d0%b8%d0%b9\/"},"modified":"2026-01-06T12:58:37","modified_gmt":"2026-01-06T12:58:37","slug":"%d1%81%d0%bf%d0%b8%d1%81%d0%be%d0%ba-%d0%b6%d0%b5%d0%bb%d0%b0%d0%bd%d0%b8%d0%b9","status":"publish","type":"page","link":"https:\/\/saliut.md\/ru\/%d1%81%d0%bf%d0%b8%d1%81%d0%be%d0%ba-%d0%b6%d0%b5%d0%bb%d0%b0%d0%bd%d0%b8%d0%b9\/","title":{"rendered":"\u0421\u043f\u0438\u0441\u043e\u043a \u0436\u0435\u043b\u0430\u043d\u0438\u0439"},"content":{"rendered":"\t\t<div data-elementor-type=\"wp-page\" data-elementor-id=\"4541\" class=\"elementor elementor-4541 elementor-25\">\n\t\t\t\t\t\t<section class=\"wd-negative-gap elementor-section elementor-top-section elementor-element elementor-element-0d7581e elementor-section-boxed elementor-section-height-default elementor-section-height-default\" data-id=\"0d7581e\" data-element_type=\"section\" data-e-type=\"section\">\n\t\t\t\t\t\t<div class=\"elementor-container elementor-column-gap-default\">\n\t\t\t\t\t<div class=\"elementor-column elementor-col-100 elementor-top-column elementor-element elementor-element-527eb6a\" data-id=\"527eb6a\" data-element_type=\"column\" data-e-type=\"column\">\n\t\t\t<div class=\"elementor-widget-wrap elementor-element-populated\">\n\t\t\t\t\t\t<div class=\"elementor-element elementor-element-d1e2054 wd-width-100 elementor-widget elementor-widget-wd_title\" data-id=\"d1e2054\" data-element_type=\"widget\" data-e-type=\"widget\" data-widget_type=\"wd_title.default\">\n\t\t\t\t<div class=\"elementor-widget-container\">\n\t\t\t\t\t\t\t<div class=\"title-wrapper wd-set-mb reset-last-child wd-title-color-default wd-title-style-default wd-title-size-default text-left\">\n\n\t\t\t\n\t\t\t<div class=\"liner-continer\">\n\t\t\t\t<h1 class=\"woodmart-title-container title wd-fontsize-l\">\u0421\u043f\u0438\u0441\u043e\u043a \u0438\u0437\u0431\u0440\u0430\u043d\u043d\u044b\u0445<\/h1> \n\t\t\t\t\t\t\t<\/div>\n\n\t\t\t\t\t<\/div>\n\t\t\t\t\t\t<\/div>\n\t\t\t\t<\/div>\n\t\t\t\t<div class=\"elementor-element elementor-element-ee4d71e elementor-widget elementor-widget-wd_wishlist\" data-id=\"ee4d71e\" data-element_type=\"widget\" data-e-type=\"widget\" data-widget_type=\"wd_wishlist.default\">\n\t\t\t\t<div class=\"elementor-widget-container\">\n\t\t\t\t\t\t\t\n\t\t\n\n\t\t\t\t<div class=\"\" >\n\t\t\t\t\t\t<div class=\"wd-wishlist-content\">\n\t\t\t\t\t\t\t\t\t\t\t\n\t\t<p class=\"wd-empty-wishlist wd-empty-page\">\n\t\t\t\u042d\u0442\u043e\u0442 \u0441\u043f\u0438\u0441\u043e\u043a \u0438\u0437\u0431\u0440\u0430\u043d\u043d\u044b\u0445 \u043f\u0443\u0441\u0442.\t\t<\/p>\n\n\t\t\t\t\t<div class=\"wd-empty-page-text\">\n\t\t\t\t\u0423 \u0432\u0430\u0441 \u0435\u0449\u0435 \u043d\u0435\u0442 \u0442\u043e\u0432\u0430\u0440\u043e\u0432 \u0432 \u0441\u043f\u0438\u0441\u043a\u0435 \u0438\u0437\u0431\u0440\u0430\u043d\u043d\u043e\u0433\u043e. \u0412\u044b \u043d\u0430\u0439\u0434\u0435\u0442\u0435 \u043c\u043d\u043e\u0433\u043e \u0438\u043d\u0442\u0435\u0440\u0435\u0441\u043d\u044b\u0445 \u0442\u043e\u0432\u0430\u0440\u043e\u0432 \u043d\u0430 \u043d\u0430\u0448\u0435\u0439 \u0441\u0442\u0440\u0430\u043d\u0438\u0446\u0435 \u00ab\u0424\u0435\u0439\u0435\u0440\u0432\u0435\u0440\u043a\u0438\u00bb.\t\t\t<\/div>\n\t\t\n\t\t\n\t\t\t\t\t<p class=\"return-to-shop\">\n\t\t\t\t<a class=\"button\" href=\"https:\/\/saliut.md\/ru\/\u0444\u0435\u0439\u0435\u0440\u0432\u0435\u0440\u043a\u0438\/\">\n\t\t\t\t\t\u0412\u0435\u0440\u043d\u0443\u0442\u044c\u0441\u044f \u0432 \u043c\u0430\u0433\u0430\u0437\u0438\u043d\t\t\t\t<\/a>\n\t\t\t<\/p>\n\t\t\t\t\t\t\t\t\t\t\t<\/div>\n\t\t\t\t<\/div>\n\t\t\t\t\t\t<\/div>\n\t\t\t\t<\/div>\n\t\t\t\t\t<\/div>\n\t\t<\/div>\n\t\t\t\t\t<\/div>\n\t\t<\/section>\n\t\t\t\t<\/div>\n\t\t","protected":false},"excerpt":{"rendered":"<p>\u0421\u043f\u0438\u0441\u043e\u043a \u0438\u0437\u0431\u0440\u0430\u043d\u043d\u044b\u0445 Aceast\u0103 list\u0103 de favorite este goal\u0103. Nu ave\u021bi \u00eenc\u0103 niciun produs \u00een lista de favorite. Ve\u021bi g\u0103si o<\/p>\n","protected":false},"author":1,"featured_media":0,"parent":0,"menu_order":0,"comment_status":"closed","ping_status":"closed","template":"","meta":{"footnotes":""},"class_list":["post-4541","page","type-page","status-publish","hentry"],"_links":{"self":[{"href":"https:\/\/saliut.md\/ru\/wp-json\/wp\/v2\/pages\/4541","targetHints":{"allow":["GET"]}}],"collection":[{"href":"https:\/\/saliut.md\/ru\/wp-json\/wp\/v2\/pages"}],"about":[{"href":"https:\/\/saliut.md\/ru\/wp-json\/wp\/v2\/types\/page"}],"author":[{"embeddable":true,"href":"https:\/\/saliut.md\/ru\/wp-json\/wp\/v2\/users\/1"}],"replies":[{"embeddable":true,"href":"https:\/\/saliut.md\/ru\/wp-json\/wp\/v2\/comments?post=4541"}],"version-history":[{"count":4,"href":"https:\/\/saliut.md\/ru\/wp-json\/wp\/v2\/pages\/4541\/revisions"}],"predecessor-version":[{"id":6290,"href":"https:\/\/saliut.md\/ru\/wp-json\/wp\/v2\/pages\/4541\/revisions\/6290"}],"wp:attachment":[{"href":"https:\/\/saliut.md\/ru\/wp-json\/wp\/v2\/media?parent=4541"}],"curies":[{"name":"wp","href":"https:\/\/api.w.org\/{rel}","templated":true}]}}